{"id":5938,"date":"2022-01-15T11:22:55","date_gmt":"2022-01-15T11:22:55","guid":{"rendered":"https:\/\/www.bml-v3.dominocom.lu\/?page_id=5938"},"modified":"2022-01-15T11:24:36","modified_gmt":"2022-01-15T11:24:36","slug":"politique-de-confidentialite","status":"publish","type":"page","link":"https:\/\/www.businessmentoring.lu\/fr\/politique-de-confidentialite\/","title":{"rendered":"Politique de confidentialit\u00e9"},"content":{"rendered":"<h3><strong>G\u00e9n\u00e9ral<\/strong><\/h3>\n<p>La r\u00e9glementation en mati\u00e8re de protection des donn\u00e9es est une priorit\u00e9 pour BML a.s.b.l. C\u2019est pour cette raison, que nous souhaitons faire en sorte que toutes les informations en relation avec le traitement de vos donn\u00e9es personnelles sur le Site www.businessmentoring.lu soient claires et compr\u00e9hensives pour l&rsquo;utilisateur.<\/p>\n<p>Cette r\u00e9glementation sur la protection de donn\u00e9es a comme objectif de vous informer sur l\u2019usage des donn\u00e9es personnelles collect\u00e9es via ce site internet, ainsi que sur vos droits et de la fa\u00e7on dont vous pouvez les exercer. Le traitement des donn\u00e9es est crucial pour exercer l\u2019activit\u00e9 de notre association et pour servir en toute confiance les entrepreneurs, nos membres, et nos collaborateurs \u00e0 long terme, il est donc essentiel pour BML a.s.b.l. qu\u2019il soit r\u00e9alis\u00e9 en toute s\u00e9curit\u00e9, en respectant la confidentialit\u00e9 et en toute conformit\u00e9 avec votre volont\u00e9.<\/p>\n<p>Avant de confirmer la transmission de vos donn\u00e9es personnelles via nos rubriques de contact, vous vous engagez \u00e0 lire et accepter notre politique de confidentialit\u00e9. Cette acceptation permet \u00e0 BML a.s.b.l. de traiter votre demande gr\u00e2ce aux donn\u00e9es transmises \u00e0 cet effet pour une dur\u00e9e se limitant \u00e0 l\u2019objet de votre demande (demande d\u2019informations, candidature au programme de mentorat, inscription \u00e0 notre newsletter, etc)<\/p>\n<h3><strong>Engagements<\/strong><\/h3>\n<p>BML a.s.b.l. s\u2019engage \u00e0 respecter la l\u00e9gislation luxembourgeoise, notamment la loi du 2 ao\u00fbt 2002 relative \u00e0 la protection des personnes \u00e0 l\u2019\u00e9gard du traitement des donn\u00e9es \u00e0 caract\u00e8re personnel.<\/p>\n<p>BML a.s.b.l. s\u2019engage \u00e0 respecter le R\u00e8glement (UE) 2016\/679 du Parlement europ\u00e9en et du Conseil du 27 avril 2016, d\u00e8s son entr\u00e9e en vigueur le 25 mai 2018.<\/p>\n<p>BML a.s.b.l. s&rsquo;engage \u00e0 n\u2019utiliser les donn\u00e9es personnelles re\u00e7ues qu\u2019en conformit\u00e9 avec l\u2019objet propre d\u00e9fini lors de la transmission.<\/p>\n<p>BML a.s.b.l. est \u00e0 votre \u00e9coute en cas de question relative \u00e0 cette r\u00e9glementation des protections des donn\u00e9es via : info@businessmentoring.lu<\/p>\n<h3><strong>Vos donn\u00e9es<\/strong><\/h3>\n<p>BML a.s.b.l. est responsable pour la collecte des donn\u00e9es personnelles de ses utilisateurs via son Site internet,<\/p>\n<p>Le site www.businessmentoring.lu appartient \u00e0 BML a.s.b.l. domicili\u00e9e au : 14, rue Erasme<br \/>\n1468 Luxembourg Kirchberg, enregistr\u00e9e au RCS sous le num\u00e9ro\u00a0: F12690.<\/p>\n<p>Les donn\u00e9es collect\u00e9es sont\u00a0:<\/p>\n<ul>\n<li>Pour les prises de contact (via la page \u00ab\u00a0contact\u00a0\u00bb)\u00a0:\n<ul>\n<li>Donn\u00e9es d\u2019identification\u00a0: sexe, nom, pr\u00e9nom, adresse IP<\/li>\n<li>Donn\u00e9es de contact\u00a0: adresse e-mail, num\u00e9ro de t\u00e9l\u00e9phone<\/li>\n<li>Autres donn\u00e9es\u00a0: votre message<\/li>\n<\/ul>\n<\/li>\n<li>Pour les candidatures au programme de mentorat\u00a0:\n<ul>\n<li>Donn\u00e9es d\u2019identification\u00a0: sexe, nom, pr\u00e9nom, adresse IP<\/li>\n<li>Donn\u00e9es concernant votre situation professionnelle\u00a0: domaine d\u2019activit\u00e9, exp\u00e9rience<\/li>\n<li>Donn\u00e9es concernant ce que vous attendez d\u2019un programme du mentorat<\/li>\n<li>Donn\u00e9es de contact\u00a0: adresse email, num\u00e9ro de t\u00e9l\u00e9phone, adresse postale<\/li>\n<li>Autres donn\u00e9es\u00a0: message concernant l\u2019objet et les d\u00e9tails de votre demande<\/li>\n<\/ul>\n<\/li>\n<\/ul>\n<p>&nbsp;<\/p>\n<h3><strong>Collecte<\/strong><\/h3>\n<p>Vos donn\u00e9es sont collect\u00e9es par le biais de formulaire(s) de contact, et d\u2019inscription \u00e0 notre newsletter. Les donn\u00e9es sont stock\u00e9es pour une p\u00e9riode maximum de 1 an apr\u00e8s toute absence d\u2019interactivit\u00e9.<\/p>\n<h3><strong>Raison de traitement des donn\u00e9es<\/strong><\/h3>\n<p>Les donn\u00e9es personnelles envoy\u00e9 de la part de l\u2019utilisateur sont destin\u00e9es \u00e0 traiter votre demande (demande d\u2019informations, candidature au programme de mentorat, inscription \u00e0 notre newsletter, etc).<\/p>\n<p>Lorsque vous acceptez de transmettre vos donn\u00e9es personnelles \u00e0 BML a.s.b.l., vous acceptez \u00e9galement que BML a.s.b.l. puisse utiliser ces donn\u00e9es dans la limite des finalit\u00e9s d\u00e9taill\u00e9es dans cette r\u00e9glementation.<\/p>\n<h3><strong>Responsable du traitement des donn\u00e9es personnelles<\/strong><\/h3>\n<p>Le responsable du traitement des donn\u00e9es personnelles est Claude FABER. Vous pouvez joindre le responsable du traitement par mail\u00a0: info@businessmentoring.lu<br \/>\nLe responsable du traitement s\u2019engage \u00e0 prot\u00e9ger les donn\u00e9es et ne pas les transmettre \u00e0 des tiers sans que vous en ayez \u00e9t\u00e9 inform\u00e9.<\/p>\n<h3><strong>Prestataires<\/strong><\/h3>\n<p>BML a.s.b.l. est amen\u00e9 \u00e0 communiquer vos donn\u00e9es aux prestataires suivants\u00a0:<br \/>\n&#8211; Domino Communication\u00a0: webmaster \/ \u00e9diteur de nos newsletter<br \/>\n&#8211; Sendinblue\u00a0: plateforme d\u2019\u00e9dition de newsletter et e-mails transactionnels.<\/p>\n<p>Ces prestataires assurent la maintenance de notre site internet et la diffusion de nos newsletters.<\/p>\n<p>Ces donn\u00e9es ne sont pas r\u00e9utilis\u00e9es \u00e0 des fins commerciales par Domino Communication ou SendinBlue ni revendues \u00e0 des personnes ou entit\u00e9s tierces.<\/p>\n<p>En soumettant un formulaire ou en vous inscrivant \u00e0 notre newsletter, vous acceptez que les informations que vous fournissez soient transf\u00e9r\u00e9es \u00e0 SendinBlue pour h\u00e9bergement et traitement conform\u00e9ment \u00e0\u00a0<a href=\"https:\/\/fr.sendinblue.com\/legal\/privacypolicy\/\">leur politique de confidentialit\u00e9 et conditions d\u2019utilisation<\/a>.<\/p>\n<h3><strong>Droit d\u2019opposition, d\u2019acc\u00e8s, de rectification et de suppression<\/strong><\/h3>\n<p>Vous pouvez prendre connaissance, mettre \u00e0 jour, modifier ou demander la suppression des renseignements vous concernant en contactant le Responsable du traitement.<br \/>\nPar ailleurs, vous avez la possibilit\u00e9 de vous d\u00e9sinscrire \u00e0 tout moment de nos listes de diffusion via le lien situ\u00e9 en bas de nos newsletters.<\/p>\n<h3><strong>Cookies<\/strong><\/h3>\n<p>Le Site www.businessmentoring.lu utilise des \u201ccookies\u201d pour collecter et enregistrer certaines informations des utilisateurs.<\/p>\n<p>Ces fichiers nous permettent de traiter des statistiques et des informations sur le trafic, de faciliter la navigation et d\u2019am\u00e9liorer le service pour votre confort.<br \/>\nLes cookies nous permettent, par exemple, de personnaliser les pages d\u2019accueil en sauvegardant les pr\u00e9f\u00e9rences que vous pouvez \u00e9mettre lors d\u2019une pr\u00e9c\u00e9dente visite de notre Site. Ils peuvent s\u00e9curiser votre mot de passe, identifier les rubriques du Site que vous avez visit\u00e9es ou encore suivre l\u2019\u00e9volution de vos pr\u00e9f\u00e9rences. Nos cookies peuvent \u00e9ventuellement collecter un nom de domaine et suivre votre cheminement \u00e0 travers nos pages web.<\/p>\n<p>Ces fichiers contiennent principalement les informations suivantes\u00a0: adresse IP, syst\u00e8me d\u2019exploitation, requ\u00eates, pages visit\u00e9es, heures et jour de connexion, langue.<\/p>\n<p>Nous utilisons les cookies dans les buts suivants\u00a0: am\u00e9lioration du service, cr\u00e9ation de profils personnalis\u00e9s de consommation, \u00e9tudes statistiques.<\/p>\n<p>En naviguant sur le site, des cookies de tiers peuvent \u00eatre enregistr\u00e9s. Il s\u2019agit principalement des tiers suivants\u00a0: Google.<\/p>\n<p>Les cookies utilis\u00e9s ne peuvent pas extraire de votre disque dur des informations personnelles permettant de vous identifier autrement que sous forme de cookies, ni transmettre de virus informatique<em>.<\/em><\/p>\n<p>Nous utilisons les cookies seulement pour recueillir les informations mentionn\u00e9es dans cette Charte et, en aucune fa\u00e7on, des informations \u00e0 caract\u00e8re personnel ou nominatives permettant de vous identifier sans votre consentement.<\/p>\n<p>Vous avez la possibilit\u00e9 d\u2019intervenir au niveau des cookies. En modifiant la configuration de votre navigateur (g\u00e9n\u00e9ralement au sein du menu \u00ab outils \u00bb, rubrique \u00ab priv\u00e9e \u00bb ou terme \u00e9quivalent), vous pouvez : accepter l\u2019ensemble des cookies, \u00eatre averti lors de l\u2019activation d\u2019un cookie, ou rejeter l\u2019ensemble des cookies. Toutefois, il est probable alors que vous rencontriez des difficult\u00e9s pour naviguer sur le Site dans les meilleures conditions.<\/p>\n","protected":false},"excerpt":{"rendered":"<p>G\u00e9n\u00e9ral La r\u00e9glementation en mati\u00e8re de protection des donn\u00e9es est une priorit\u00e9 pour BML a.s.b.l. C\u2019est pour cette raison, que nous souhaitons faire en sorte que toutes les informations en relation avec le traitement de vos donn\u00e9es personnelles sur le Site www.businessmentoring.lu soient claires et compr\u00e9hensives pour l&rsquo;utilisateur. Cette r\u00e9glementation sur la protection de donn\u00e9es [&hellip;]<\/p>\n","protected":false},"author":1,"featured_media":0,"parent":0,"menu_order":0,"comment_status":"closed","ping_status":"closed","template":"","meta":{"_acf_changed":false,"site-sidebar-layout":"default","site-content-layout":"default","ast-site-content-layout":"default","site-content-style":"default","site-sidebar-style":"default","ast-global-header-display":"","ast-banner-title-visibility":"","ast-main-header-display":"","ast-hfb-above-header-display":"","ast-hfb-below-header-display":"","ast-hfb-mobile-header-display":"","site-post-title":"","ast-breadcrumbs-content":"","ast-featured-img":"","footer-sml-layout":"","theme-transparent-header-meta":"","adv-header-id-meta":"","stick-header-meta":"","header-above-stick-meta":"","header-main-stick-meta":"","header-below-stick-meta":"","astra-migrate-meta-layouts":"default","ast-page-background-enabled":"default","ast-page-background-meta":{"desktop":{"background-color":"","background-image":"","background-repeat":"repeat","background-position":"center center","background-size":"auto","background-attachment":"scroll","background-type":"","background-media":"","overlay-type":"","overlay-color":"","overlay-opacity":"","overlay-gradient":""},"tablet":{"background-color":"","background-image":"","background-repeat":"repeat","background-position":"center center","background-size":"auto","background-attachment":"scroll","background-type":"","background-media":"","overlay-type":"","overlay-color":"","overlay-opacity":"","overlay-gradient":""},"mobile":{"background-color":"","background-image":"","background-repeat":"repeat","background-position":"center center","background-size":"auto","background-attachment":"scroll","background-type":"","background-media":"","overlay-type":"","overlay-color":"","overlay-opacity":"","overlay-gradient":""}},"ast-content-background-meta":{"desktop":{"background-color":"var(--ast-global-color-5)","background-image":"","background-repeat":"repeat","background-position":"center center","background-size":"auto","background-attachment":"scroll","background-type":"","background-media":"","overlay-type":"","overlay-color":"","overlay-opacity":"","overlay-gradient":""},"tablet":{"background-color":"var(--ast-global-color-5)","background-image":"","background-repeat":"repeat","background-position":"center center","background-size":"auto","background-attachment":"scroll","background-type":"","background-media":"","overlay-type":"","overlay-color":"","overlay-opacity":"","overlay-gradient":""},"mobile":{"background-color":"var(--ast-global-color-5)","background-image":"","background-repeat":"repeat","background-position":"center center","background-size":"auto","background-attachment":"scroll","background-type":"","background-media":"","overlay-type":"","overlay-color":"","overlay-opacity":"","overlay-gradient":""}},"footnotes":""},"class_list":["post-5938","page","type-page","status-publish","hentry"],"acf":[],"yoast_head":"<!-- This site is optimized with the Yoast SEO plugin v27.0 - https:\/\/yoast.com\/product\/yoast-seo-wordpress\/ -->\n<title>Politique de confidentialit\u00e9 - Business Mentoring Luxembourg<\/title>\n<meta name=\"robots\" content=\"index, follow, max-snippet:-1, max-image-preview:large, max-video-preview:-1\" \/>\n<link rel=\"canonical\" href=\"https:\/\/www.businessmentoring.lu\/fr\/politique-de-confidentialite\/\" \/>\n<meta property=\"og:locale\" content=\"fr_FR\" \/>\n<meta property=\"og:type\" content=\"article\" \/>\n<meta property=\"og:title\" content=\"Politique de confidentialit\u00e9 - Business Mentoring Luxembourg\" \/>\n<meta property=\"og:description\" content=\"G\u00e9n\u00e9ral La r\u00e9glementation en mati\u00e8re de protection des donn\u00e9es est une priorit\u00e9 pour BML a.s.b.l. C\u2019est pour cette raison, que nous souhaitons faire en sorte que toutes les informations en relation avec le traitement de vos donn\u00e9es personnelles sur le Site www.businessmentoring.lu soient claires et compr\u00e9hensives pour l&rsquo;utilisateur. Cette r\u00e9glementation sur la protection de donn\u00e9es [&hellip;]\" \/>\n<meta property=\"og:url\" content=\"https:\/\/www.businessmentoring.lu\/fr\/politique-de-confidentialite\/\" \/>\n<meta property=\"og:site_name\" content=\"Business Mentoring Luxembourg\" \/>\n<meta property=\"article:modified_time\" content=\"2022-01-15T11:24:36+00:00\" \/>\n<meta name=\"twitter:card\" content=\"summary_large_image\" \/>\n<meta name=\"twitter:label1\" content=\"Dur\u00e9e de lecture estim\u00e9e\" \/>\n\t<meta name=\"twitter:data1\" content=\"6 minutes\" \/>\n<script type=\"application\/ld+json\" class=\"yoast-schema-graph\">{\"@context\":\"https:\/\/schema.org\",\"@graph\":[{\"@type\":\"WebPage\",\"@id\":\"https:\/\/www.businessmentoring.lu\/fr\/politique-de-confidentialite\/\",\"url\":\"https:\/\/www.businessmentoring.lu\/fr\/politique-de-confidentialite\/\",\"name\":\"Politique de confidentialit\u00e9 - Business Mentoring Luxembourg\",\"isPartOf\":{\"@id\":\"https:\/\/www.businessmentoring.lu\/fr\/#website\"},\"datePublished\":\"2022-01-15T11:22:55+00:00\",\"dateModified\":\"2022-01-15T11:24:36+00:00\",\"breadcrumb\":{\"@id\":\"https:\/\/www.businessmentoring.lu\/fr\/politique-de-confidentialite\/#breadcrumb\"},\"inLanguage\":\"fr-FR\",\"potentialAction\":[{\"@type\":\"ReadAction\",\"target\":[\"https:\/\/www.businessmentoring.lu\/fr\/politique-de-confidentialite\/\"]}]},{\"@type\":\"BreadcrumbList\",\"@id\":\"https:\/\/www.businessmentoring.lu\/fr\/politique-de-confidentialite\/#breadcrumb\",\"itemListElement\":[{\"@type\":\"ListItem\",\"position\":1,\"name\":\"Home\",\"item\":\"https:\/\/www.businessmentoring.lu\/fr\/\"},{\"@type\":\"ListItem\",\"position\":2,\"name\":\"Politique de confidentialit\u00e9\"}]},{\"@type\":\"WebSite\",\"@id\":\"https:\/\/www.businessmentoring.lu\/fr\/#website\",\"url\":\"https:\/\/www.businessmentoring.lu\/fr\/\",\"name\":\"Business Mentoring Luxembourg\",\"description\":\"Just another WordPress site\",\"potentialAction\":[{\"@type\":\"SearchAction\",\"target\":{\"@type\":\"EntryPoint\",\"urlTemplate\":\"https:\/\/www.businessmentoring.lu\/fr\/?s={search_term_string}\"},\"query-input\":{\"@type\":\"PropertyValueSpecification\",\"valueRequired\":true,\"valueName\":\"search_term_string\"}}],\"inLanguage\":\"fr-FR\"}]}<\/script>\n<!-- \/ Yoast SEO plugin. -->","yoast_head_json":{"title":"Politique de confidentialit\u00e9 - Business Mentoring Luxembourg","robots":{"index":"index","follow":"follow","max-snippet":"max-snippet:-1","max-image-preview":"max-image-preview:large","max-video-preview":"max-video-preview:-1"},"canonical":"https:\/\/www.businessmentoring.lu\/fr\/politique-de-confidentialite\/","og_locale":"fr_FR","og_type":"article","og_title":"Politique de confidentialit\u00e9 - Business Mentoring Luxembourg","og_description":"G\u00e9n\u00e9ral La r\u00e9glementation en mati\u00e8re de protection des donn\u00e9es est une priorit\u00e9 pour BML a.s.b.l. C\u2019est pour cette raison, que nous souhaitons faire en sorte que toutes les informations en relation avec le traitement de vos donn\u00e9es personnelles sur le Site www.businessmentoring.lu soient claires et compr\u00e9hensives pour l&rsquo;utilisateur. Cette r\u00e9glementation sur la protection de donn\u00e9es [&hellip;]","og_url":"https:\/\/www.businessmentoring.lu\/fr\/politique-de-confidentialite\/","og_site_name":"Business Mentoring Luxembourg","article_modified_time":"2022-01-15T11:24:36+00:00","twitter_card":"summary_large_image","twitter_misc":{"Dur\u00e9e de lecture estim\u00e9e":"6 minutes"},"schema":{"@context":"https:\/\/schema.org","@graph":[{"@type":"WebPage","@id":"https:\/\/www.businessmentoring.lu\/fr\/politique-de-confidentialite\/","url":"https:\/\/www.businessmentoring.lu\/fr\/politique-de-confidentialite\/","name":"Politique de confidentialit\u00e9 - Business Mentoring Luxembourg","isPartOf":{"@id":"https:\/\/www.businessmentoring.lu\/fr\/#website"},"datePublished":"2022-01-15T11:22:55+00:00","dateModified":"2022-01-15T11:24:36+00:00","breadcrumb":{"@id":"https:\/\/www.businessmentoring.lu\/fr\/politique-de-confidentialite\/#breadcrumb"},"inLanguage":"fr-FR","potentialAction":[{"@type":"ReadAction","target":["https:\/\/www.businessmentoring.lu\/fr\/politique-de-confidentialite\/"]}]},{"@type":"BreadcrumbList","@id":"https:\/\/www.businessmentoring.lu\/fr\/politique-de-confidentialite\/#breadcrumb","itemListElement":[{"@type":"ListItem","position":1,"name":"Home","item":"https:\/\/www.businessmentoring.lu\/fr\/"},{"@type":"ListItem","position":2,"name":"Politique de confidentialit\u00e9"}]},{"@type":"WebSite","@id":"https:\/\/www.businessmentoring.lu\/fr\/#website","url":"https:\/\/www.businessmentoring.lu\/fr\/","name":"Business Mentoring Luxembourg","description":"Just another WordPress site","potentialAction":[{"@type":"SearchAction","target":{"@type":"EntryPoint","urlTemplate":"https:\/\/www.businessmentoring.lu\/fr\/?s={search_term_string}"},"query-input":{"@type":"PropertyValueSpecification","valueRequired":true,"valueName":"search_term_string"}}],"inLanguage":"fr-FR"}]}},"_links":{"self":[{"href":"https:\/\/www.businessmentoring.lu\/fr\/wp-json\/wp\/v2\/pages\/5938","targetHints":{"allow":["GET"]}}],"collection":[{"href":"https:\/\/www.businessmentoring.lu\/fr\/wp-json\/wp\/v2\/pages"}],"about":[{"href":"https:\/\/www.businessmentoring.lu\/fr\/wp-json\/wp\/v2\/types\/page"}],"author":[{"embeddable":true,"href":"https:\/\/www.businessmentoring.lu\/fr\/wp-json\/wp\/v2\/users\/1"}],"replies":[{"embeddable":true,"href":"https:\/\/www.businessmentoring.lu\/fr\/wp-json\/wp\/v2\/comments?post=5938"}],"version-history":[{"count":3,"href":"https:\/\/www.businessmentoring.lu\/fr\/wp-json\/wp\/v2\/pages\/5938\/revisions"}],"predecessor-version":[{"id":5943,"href":"https:\/\/www.businessmentoring.lu\/fr\/wp-json\/wp\/v2\/pages\/5938\/revisions\/5943"}],"wp:attachment":[{"href":"https:\/\/www.businessmentoring.lu\/fr\/wp-json\/wp\/v2\/media?parent=5938"}],"curies":[{"name":"wp","href":"https:\/\/api.w.org\/{rel}","templated":true}]}}